{"id":459,"date":"2024-10-15T16:51:13","date_gmt":"2024-10-15T16:51:13","guid":{"rendered":"https:\/\/lucianarizo.com\/?page_id=459"},"modified":"2025-09-10T12:36:33","modified_gmt":"2025-09-10T12:36:33","slug":"publicacoes","status":"publish","type":"page","link":"https:\/\/lucianarizo.com\/index.php\/publicacoes\/","title":{"rendered":"Publica\u00e7\u00f5es"},"content":{"rendered":"\n<figure class=\"wp-block-image size-large\"><a href=\"https:\/\/www.amazon.com\/Monstros-seus-novos-Amigos-Calma-ebook\/dp\/B07VCY6ZCN\" target=\"_blank\" rel=\"noreferrer noopener\"><img loading=\"lazy\" decoding=\"async\" width=\"1024\" height=\"576\" src=\"https:\/\/lucianarizo.com\/wp-content\/uploads\/2024\/10\/image-1024x576.png\" alt=\"\" class=\"wp-image-460\" srcset=\"https:\/\/lucianarizo.com\/wp-content\/uploads\/2024\/10\/image-1024x576.png 1024w, https:\/\/lucianarizo.com\/wp-content\/uploads\/2024\/10\/image-300x169.png 300w, https:\/\/lucianarizo.com\/wp-content\/uploads\/2024\/10\/image-768x432.png 768w, https:\/\/lucianarizo.com\/wp-content\/uploads\/2024\/10\/image.png 1280w\" sizes=\"auto, (max-width: 1024px) 100vw, 1024px\" \/><\/a><\/figure>\n\n\n\n<figure class=\"wp-block-image size-large\"><img loading=\"lazy\" decoding=\"async\" width=\"1024\" height=\"577\" src=\"https:\/\/lucianarizo.com\/wp-content\/uploads\/2025\/01\/Capa-a-Menina-com-adesivo-1024x577.png\" alt=\"\" class=\"wp-image-504\" srcset=\"https:\/\/lucianarizo.com\/wp-content\/uploads\/2025\/01\/Capa-a-Menina-com-adesivo-1024x577.png 1024w, https:\/\/lucianarizo.com\/wp-content\/uploads\/2025\/01\/Capa-a-Menina-com-adesivo-300x169.png 300w, https:\/\/lucianarizo.com\/wp-content\/uploads\/2025\/01\/Capa-a-Menina-com-adesivo-768x433.png 768w, https:\/\/lucianarizo.com\/wp-content\/uploads\/2025\/01\/Capa-a-Menina-com-adesivo-1536x865.png 1536w, https:\/\/lucianarizo.com\/wp-content\/uploads\/2025\/01\/Capa-a-Menina-com-adesivo.png 1915w\" sizes=\"auto, (max-width: 1024px) 100vw, 1024px\" \/><\/figure>\n\n\n<div class=\"wp-block-image\">\n<figure class=\"aligncenter size-full\"><a href=\"https:\/\/lucianarizo.orbitpages.online\/vamos-aprender-a-ser-ceu-livro-de-atividades-para-promocao-da-regulacao-emocional-em-criancas\" target=\"_blank\" rel=\" noreferrer noopener\"><img loading=\"lazy\" decoding=\"async\" width=\"470\" height=\"667\" src=\"https:\/\/lucianarizo.com\/wp-content\/uploads\/2025\/06\/Capa-livro-atividades-7x4.93.jpg\" alt=\"\" class=\"wp-image-654\" srcset=\"https:\/\/lucianarizo.com\/wp-content\/uploads\/2025\/06\/Capa-livro-atividades-7x4.93.jpg 470w, https:\/\/lucianarizo.com\/wp-content\/uploads\/2025\/06\/Capa-livro-atividades-7x4.93-211x300.jpg 211w\" sizes=\"auto, (max-width: 470px) 100vw, 470px\" \/><\/a><\/figure>\n<\/div>\n\n\n<h1 class=\"wp-block-heading\"><strong>L<\/strong>ivros, <strong> A<\/strong>rtigos e <strong>C<\/strong>ap\u00edtulos de<strong> L<\/strong>ivros<strong> <\/strong><\/h1>\n\n\n\n<p><a href=\"https:\/\/www.amazon.com\/Monstros-seus-novos-Amigos-Calma-ebook\/dp\/B07VCY6ZCN\" target=\"_blank\" rel=\"noreferrer noopener\"><strong>&#8211; Rizo, L. Cri Cri Monstros e seus novos Amigos da Calma: Como lidar com a cr\u00edtica de forma, realmente, construtiva (Compaix\u00e3o e Bem Estar Livro 1) (Portuguese Edition).\u00a02019. Kindle Edition<\/strong><\/a><\/p>\n\n\n\n<p><a href=\"https:\/\/www.bertrand.pt\/livro\/a-menina-que-aprendeu-a-ser-ceu-luciana-rizo\/31392943\" target=\"_blank\" rel=\"noreferrer noopener\">&#8211; <strong>Rizo, L. A menina que aprendeu a ser c\u00e9u. Lisboa: Cordel de Prata, 2024.<\/strong><\/a><\/p>\n\n\n\n<p><strong><a href=\"https:\/\/lucianarizo.orbitpages.online\/vamos-aprender-a-ser-ceu-livro-de-atividades-para-promocao-da-regulacao-emocional-em-criancas\" target=\"_blank\" rel=\"noreferrer noopener\">&#8211; Rizo, L. Vamos aprender a ser c\u00e9u! Livro de atividades para promo\u00e7\u00e3o da regula\u00e7\u00e3o emocional em crian\u00e7as. Rio de Janeiro: Sapientia Psi, 2025<\/a><\/strong><a href=\"https:\/\/lucianarizo.orbitpages.online\/vamos-aprender-a-ser-ceu-livro-de-atividades-para-promocao-da-regulacao-emocional-em-criancas-2\" target=\"_blank\" rel=\"noreferrer noopener\"><strong>.<\/strong><\/a><\/p>\n\n\n\n<p>&#8211; <a href=\"https:\/\/www.researchgate.net\/publication\/332409245_MONTEIRO_B_C_Rizo_L_Vitimas_de_bullying_Proposta_de_tratamento_utilizando_tecnicas_da_terapia_cognitivo-comportamental_Saude_e_Desenvolvimento_Humano_v1_p59_-_66_2013?_tp=eyJjb250ZXh0Ijp7ImZpcnN0UGFnZSI6ImhvbWUiLCJwYWdlIjoicHJvZmlsZSIsInByZXZpb3VzUGFnZSI6ImhvbWUiLCJwb3NpdGlvbiI6InBhZ2VDb250ZW50In19\"><strong>MONTEIRO, B. C.; Rizo, L. V\u00edtimas de bullying: Proposta de tratamento utilizando t\u00e9cnicas da terapia cognitivo-comportamental.. Sa\u00fade e Desenvolvimento Humano. , v.1, p.59 &#8211; 66, 2013<\/strong><\/a><\/p>\n\n\n\n<p>-Veleda GW, Seoane GR, Ezequiel GR; Ferreira CM; de Figueiredo VLM; Meyer TS; Ara\u00fajo JMG; Rizo, L.; Cardoso TA; de Aguiar KR; Souza LDM. Cross-cultural adaptation and psychometric properties of the Iowa-Netherlands Comparison Orientation Measure for the Brazilian context. Trends Psychiatry Psychother. 2023. doi: 10.47626\/2237-6089-2022-0573<\/p>\n\n\n\n<p>&#8211;<a href=\"https:\/\/www.researchgate.net\/publication\/332409094_RizoL_Psicoterapia_Cognitivo-Comportamental_com_Criancas_Tecnicas_Ludicas_In_Oswaldo_Rodrigues_Jr_Org_Praticas_das_Psicologias_Comportamentais_no_Brasil_Sao_Paulo_Associacao_Latinoamericana_del_Analys?_tp=eyJjb250ZXh0Ijp7ImZpcnN0UGFnZSI6ImhvbWUiLCJwYWdlIjoicHJvZmlsZSIsInByZXZpb3VzUGFnZSI6ImhvbWUiLCJwb3NpdGlvbiI6InBhZ2VDb250ZW50In19\"><strong>Rizo,L., Psicoterapia Cognitivo-Comportamental com Crian\u00e7as: T\u00e9cnicas L\u00fadicas. In: Oswaldo Rodrigues Jr. (Org.). Pr\u00e1ticas das Psicologias Comportamentais no Brasil. S\u00e3o Paulo: Associa\u00e7\u00e3o Latinoamericana del Analysis y Modificaci\u00f3n del Comportamiento \u2013 ALAMOC, 2016. p. 151-165<\/strong><\/a><\/p>\n\n\n\n<p>&#8211;<a href=\"https:\/\/www.researchgate.net\/publication\/332409332_Marturano_E_M_Rizo_L_Elias_LCS_Fava_D_A_fronteirada_educacao_entre_familia_e_escola_In_Debora_C_Fava_Org_A_Pratica_da_Psicologia_na_Escola_Introduzindo_a_Abordagem_Cognitivo_Comportamental_Belo_Horizo?_tp=eyJjb250ZXh0Ijp7ImZpcnN0UGFnZSI6ImhvbWUiLCJwYWdlIjoicHJvZmlsZSIsInByZXZpb3VzUGFnZSI6ImhvbWUiLCJwb3NpdGlvbiI6InBhZ2VDb250ZW50In19\"><strong>Marturano, E. M.; Rizo, L.; Elias L.C.S.; Fava, D. A fronteirada educa\u00e7\u00e3o entre fam\u00edlia e escola. In: Debora C. Fava (Org.). A Pr\u00e1tica da Psicologia na Escola: Introduzindo a Abordagem Cognitivo Comportamental. Belo Horizonte: Artes\u00e3 Editora, 2016. P. 1-20.<\/strong><\/a><\/p>\n\n\n\n<p>-Rizo, L. T\u00e9cnicas de relaxamento. In: Neufeld, C.B. &amp; Lins, M. R. C. (Orgs.). T\u00e9cnicas em &nbsp;Terpaia Cognitivo-Comportamental com Crian\u00e7as e Adolescentes: Uma perspectiva sobre interven\u00e7\u00f5es individuais e grupais. Novo Hamburgo: Sinopsys Editora, 2021.p. 505-511.<\/p>\n\n\n\n<p>-Rizo, L; Lins, M. R. C. Encerramento do processo terap\u00eautico. In: Neufeld, C.B. &amp; Lins, M. R. C. (Orgs.). T\u00e9cnicas em terapia cognitivo-comportamental com Crian\u00e7as e Adolescentes: Uma perspectiva de interven\u00e7\u00f5es individuais e em grupo. Novo Hamburgo: Sinopsys Editora, 2021, p. 975-984<\/p>\n\n\n\n<p>&#8211;<a href=\"https:\/\/www.researchgate.net\/publication\/332409333_RizoL_Habilidades_Sociais_como_ferramenta_de_manejo_para_lidar_com_problemas_de_interacao_entre_paisresponsaveis_e_criancasadolescentes_In_Zeglio_C_Org_Rodrigues_Jr_Oswaldo_M_Org_Maes_pais_casais_e_fa?_tp=eyJjb250ZXh0Ijp7ImZpcnN0UGFnZSI6ImhvbWUiLCJwYWdlIjoicHJvZmlsZSIsInByZXZpb3VzUGFnZSI6ImhvbWUiLCJwb3NpdGlvbiI6InBhZ2VDb250ZW50In19\"><strong>Rizo,L. Habilidades Sociais como ferramenta de manejo para lidar com problemas de intera\u00e7\u00e3o entre pais\/respons\u00e1veis e crian\u00e7as\/adolescentes. In: Zeglio, C. (Org.); Rodrigues Jr, Oswaldo M. (Org.). M\u00e3es, pais, casais e fam\u00edlias: quest\u00f5es na an\u00e1lise do comportamento e terapia cognitivo-comportamental. 1. ed. S\u00e3o Paulo: Zagodoni, 2015. v. 1, p.31-40<\/strong><\/a><\/p>\n\n\n\n<p>-Monica Duchesne; Paulo Mattos; Fontenelle, L.; Alves, H.; <strong>Rizo, L<\/strong>.; Appolin\u00e1rio, J. Neuropsicologia dos transtornos alimentares: revis\u00e3o sistem\u00e1tica da literatura. Revista Brasileira de Psiquiatria (S\u00e3o Paulo). , v.2, p.107 &#8211; 117, 2004.<\/p>\n\n\n\n<p>-Mattos P, Lino V, <strong>Rizo L<\/strong>, Alfano A, Ara\u00fajo C, Raggio R. Memory complaints and test performance in healthy elderly persons. Arq Neuropsiquiatr. 2003 Dec;61(4):920-4. doi: 10.1590\/s0004-282&#215;2003000600006.<\/p>\n\n\n\n<p>-Rizo,L.,<strong>Terapia Cognitivo Comportamental Infanto Juvenil no Brasil: hist\u00f3ria e avan\u00e7os <\/strong>. In: Oswaldo Rodrigues Jr. (Org.). Hist\u00f3rias das Psicologias Comportamentais no Brasil. S\u00e3o Paulo: Associa\u00e7\u00e3o Latinoamericana del Analysis y Modi\ufb01caci\u00f3n del Comportamiento \u2013 ALAMOC, 2016. p. 97-115.<\/p>\n\n\n\n<p>&#8211;<a href=\"https:\/\/www.researchgate.net\/publication\/242187236_Programa_de_Estrategias_para_Professores_de_Criancas_Desatentas_Hiperativas_lmpulsivas?_tp=eyJjb250ZXh0Ijp7ImZpcnN0UGFnZSI6ImhvbWUiLCJwYWdlIjoicHJvZmlsZSIsInByZXZpb3VzUGFnZSI6ImhvbWUiLCJwb3NpdGlvbiI6InBhZ2VDb250ZW50In19\"><strong>Programa de Estrat\u00e9gias para Professores de Crian\u00e7as Desatentas Hiperativas \/ lmpulsivas<\/strong><\/a><\/p>\n\n\n\n<p>&#8211; Rizo, L.; Rang\u00e9, B. <strong>Crian\u00e7as Desatentas, hiperativas e impulsivas: Como lidar com essas crian\u00e7as na escola? <\/strong>In: Sobre o Comportamento e Cogni\u00e7\u00e3o: A hist\u00f3ria e os avan\u00e7os, a sele\u00e7\u00e3o por conseq\u00fc\u00eancias em a\u00e7\u00e3o.1 ed.Santo Andr\u00e9 : Esetec Editores Associados, 2003, v.11, p. 422-432.<\/p>\n\n\n\n<p><\/p>\n","protected":false},"excerpt":{"rendered":"<p>Livros, Artigos e Cap\u00edtulos de Livros &#8211; Rizo, L. Cri Cri Monstros e seus novos Amigos da Calma: Como lidar com a cr\u00edtica de forma, realmente, construtiva (Compaix\u00e3o e Bem Estar Livro 1) (Portuguese Edition).\u00a02019. Kindle Edition &#8211; Rizo, L.<\/p>\n","protected":false},"author":1,"featured_media":0,"parent":0,"menu_order":0,"comment_status":"closed","ping_status":"closed","template":"","meta":{"footnotes":""},"class_list":["post-459","page","type-page","status-publish","hentry"],"_links":{"self":[{"href":"https:\/\/lucianarizo.com\/index.php\/wp-json\/wp\/v2\/pages\/459","targetHints":{"allow":["GET"]}}],"collection":[{"href":"https:\/\/lucianarizo.com\/index.php\/wp-json\/wp\/v2\/pages"}],"about":[{"href":"https:\/\/lucianarizo.com\/index.php\/wp-json\/wp\/v2\/types\/page"}],"author":[{"embeddable":true,"href":"https:\/\/lucianarizo.com\/index.php\/wp-json\/wp\/v2\/users\/1"}],"replies":[{"embeddable":true,"href":"https:\/\/lucianarizo.com\/index.php\/wp-json\/wp\/v2\/comments?post=459"}],"version-history":[{"count":21,"href":"https:\/\/lucianarizo.com\/index.php\/wp-json\/wp\/v2\/pages\/459\/revisions"}],"predecessor-version":[{"id":694,"href":"https:\/\/lucianarizo.com\/index.php\/wp-json\/wp\/v2\/pages\/459\/revisions\/694"}],"wp:attachment":[{"href":"https:\/\/lucianarizo.com\/index.php\/wp-json\/wp\/v2\/media?parent=459"}],"curies":[{"name":"wp","href":"https:\/\/api.w.org\/{rel}","templated":true}]}}