{"id":448,"date":"2024-09-24T12:20:13","date_gmt":"2024-09-24T12:20:13","guid":{"rendered":"https:\/\/lucianarizo.com\/wordpress_O\/?page_id=448"},"modified":"2025-07-21T14:58:44","modified_gmt":"2025-07-21T14:58:44","slug":"curriculo-luciana-rizo","status":"publish","type":"page","link":"https:\/\/lucianarizo.com\/index.php\/curriculo-luciana-rizo\/","title":{"rendered":"Curr\u00edculo Luciana Rizo"},"content":{"rendered":"\n<figure class=\"wp-block-image size-medium\"><img loading=\"lazy\" decoding=\"async\" width=\"289\" height=\"300\" src=\"https:\/\/lucianarizo.com\/wp-content\/uploads\/2024\/09\/Professora-Luciana-Rizo-2021.png-289x300.jpg\" alt=\"\" class=\"wp-image-347\" srcset=\"https:\/\/lucianarizo.com\/wp-content\/uploads\/2024\/09\/Professora-Luciana-Rizo-2021.png-289x300.jpg 289w, https:\/\/lucianarizo.com\/wp-content\/uploads\/2024\/09\/Professora-Luciana-Rizo-2021.png.jpg 431w\" sizes=\"auto, (max-width: 289px) 100vw, 289px\" \/><\/figure>\n\n\n\n<p id=\"isPasted\"><strong>Psic\u00f3loga Cl\u00ednica&nbsp;\u2013 CRP\/RJ e OPP\/PT<\/strong><\/p>\n\n\n\n<p><strong>Doutoranda em Psicologia&nbsp;<\/strong>pela Faculdade de Psicologia e Ci\u00eancias da Educa\u00e7\u00e3o da<strong>&nbsp;Universidade de Coimbra.&nbsp;<\/strong><\/p>\n\n\n\n<p><strong>Mestre&nbsp;<\/strong>em Psicologia<strong>&nbsp;e Graduada em Psicologia Cl\u00ednica&nbsp;<\/strong>pela&nbsp;<strong>Universidade Federal do Rio de Janeiro e&nbsp;<\/strong>pela<strong>&nbsp;Universidade do Minho.<\/strong><\/p>\n\n\n\n<p>Tem mais de&nbsp;<strong>20 anos de experi\u00eancia<\/strong>&nbsp;como&nbsp;<strong>docente e coordenadora<\/strong>&nbsp;em diversas&nbsp;<strong>p\u00f3s-gradua\u00e7\u00f5es e especializa\u00e7\u00f5es<\/strong>&nbsp;no&nbsp;<strong>Brasil<\/strong>&nbsp;e em&nbsp;<strong>Portugal<\/strong>.<\/p>\n\n\n\n<p>Foi s\u00f3cia-diretora da Psicocl\u00ednica Cognitiva do Rio de Janeiro (2003-2013) \u2013 cl\u00ednica especializada em psicoterapia de base cognitvo comportamental. Em 2013, fundou a Psineurocl\u00edca Cognitiva do Rio de Janeiro \u2013 especializada em atendimentos em Neuropsicologia e Terapia Cognitivo Comportamental (2013-2020).<\/p>\n\n\n\n<p>Fundou a empresa de forma\u00e7\u00e3o e editora\u00e7\u00e3o&nbsp;<strong>Sapientia Psi<\/strong>&nbsp;\u2013 atrav\u00e9s da qual publicou o <strong>Livro \u201cCri Cri Monstros e seus novos Amigos da Calma: Como lidar com a cr\u00edtica de forma, realmente, construtiva\u201d na Amazon.<\/strong><\/p>\n\n\n\n<p><strong>Possui Curso Especializado em Terapias Cognitivas de 3a Gera\u00e7\u00e3o (Coimbra-Portugal),  Treinamento Avan\u00e7ado em Terapia Focada na Compaix\u00e3o (Portugal e Reino Unido).<\/strong><\/p>\n\n\n\n<p><strong>P\u00f3s-Gradua\u00e7\u00e3o em Terapia Cognitivo-Comportamental e Neuropsicologia (UFRJ).<\/strong><\/p>\n\n\n\n<p><strong>P\u00f3s-gradua\u00e7\u00e3o em Neuropsicologia Cl\u00ednica, Avalia\u00e7\u00e3o e Reabilita\u00e7\u00e3o (Porto &#8211; Portugal).&nbsp;<\/strong><\/p>\n\n\n\n<p><strong>Especializa\u00e7\u00e3o Avan\u00e7ada em Reabilita\u00e7\u00e3o Neuropsicol\u00f3gica<\/strong>&nbsp;da&nbsp;<strong>Inf\u00e2ncia \u00e0 Idade Adulta<\/strong>&nbsp;(Porto &#8211; Portugal).<\/p>\n\n\n\n<p><strong>Forma\u00e7\u00e3o para a Pr\u00e1tica de Supervis\u00e3o<\/strong>&nbsp;(Ordem dos Psic\u00f3logos Portugueses \u2013 Portugal)<\/p>\n\n\n\n<p><strong>Certificado de Compet\u00eancias Pedag\u00f3gicas<\/strong>&nbsp;(IEFP \u2013 Portugal)<\/p>\n\n\n\n<p>Convidada como&nbsp;<strong>conferencista e palestrante<\/strong>&nbsp;para diversos&nbsp;<strong>Congressos Nacionais e Internacionais.<\/strong><\/p>\n\n\n\n<p><strong>Autora de diversos cap\u00edtulos de livros, artigos e livros com principal foco nas Terapias Cognitivo Comportamentais, Neuropsicologia e Psicoterapia para Crian\u00e7as e Adolescentes.<\/strong><\/p>\n\n\n\n<p>\u00c9&nbsp;<strong>Terapeuta<\/strong>&nbsp;<strong>Certificada<\/strong>&nbsp;pela&nbsp;<strong>Federa\u00e7\u00e3o Brasileira de Terapias Cognitivas<\/strong>.<\/p>\n\n\n\n<h6 class=\"wp-block-heading has-text-align-center\"><a href=\"https:\/\/lucianarizo.com\/index.php\/publicacoes\/\" data-type=\"page\" data-id=\"459\"><strong>Conhe\u00e7a as Publica\u00e7\u00f5es de artigos cient\u00edficos, cap\u00edtulos de livros e livros publicados pela psic\u00f3loga Luciana Rizo &#8211; Clique Aqui! <\/strong><\/a><\/h6>\n\n\n\n<h2 class=\"wp-block-heading\"><\/h2>\n\n\n\n<p><\/p>\n","protected":false},"excerpt":{"rendered":"<p>Psic\u00f3loga Cl\u00ednica&nbsp;\u2013 CRP\/RJ e OPP\/PT Doutoranda em Psicologia&nbsp;pela Faculdade de Psicologia e Ci\u00eancias da Educa\u00e7\u00e3o da&nbsp;Universidade de Coimbra.&nbsp; Mestre&nbsp;em Psicologia&nbsp;e Graduada em Psicologia Cl\u00ednica&nbsp;pela&nbsp;Universidade Federal do Rio de Janeiro e&nbsp;pela&nbsp;Universidade do Minho. Tem mais de&nbsp;20 anos de experi\u00eancia&nbsp;como&nbsp;docente e coordenadora&nbsp;em<\/p>\n","protected":false},"author":1,"featured_media":0,"parent":0,"menu_order":0,"comment_status":"closed","ping_status":"closed","template":"","meta":{"footnotes":""},"class_list":["post-448","page","type-page","status-publish","hentry"],"_links":{"self":[{"href":"https:\/\/lucianarizo.com\/index.php\/wp-json\/wp\/v2\/pages\/448","targetHints":{"allow":["GET"]}}],"collection":[{"href":"https:\/\/lucianarizo.com\/index.php\/wp-json\/wp\/v2\/pages"}],"about":[{"href":"https:\/\/lucianarizo.com\/index.php\/wp-json\/wp\/v2\/types\/page"}],"author":[{"embeddable":true,"href":"https:\/\/lucianarizo.com\/index.php\/wp-json\/wp\/v2\/users\/1"}],"replies":[{"embeddable":true,"href":"https:\/\/lucianarizo.com\/index.php\/wp-json\/wp\/v2\/comments?post=448"}],"version-history":[{"count":6,"href":"https:\/\/lucianarizo.com\/index.php\/wp-json\/wp\/v2\/pages\/448\/revisions"}],"predecessor-version":[{"id":668,"href":"https:\/\/lucianarizo.com\/index.php\/wp-json\/wp\/v2\/pages\/448\/revisions\/668"}],"wp:attachment":[{"href":"https:\/\/lucianarizo.com\/index.php\/wp-json\/wp\/v2\/media?parent=448"}],"curies":[{"name":"wp","href":"https:\/\/api.w.org\/{rel}","templated":true}]}}