{"id":361,"date":"2024-09-12T13:26:05","date_gmt":"2024-09-12T13:26:05","guid":{"rendered":"https:\/\/lucianarizo.com\/wordpress_O\/?page_id=361"},"modified":"2025-09-10T12:11:14","modified_gmt":"2025-09-10T12:11:14","slug":"inicio","status":"publish","type":"page","link":"https:\/\/lucianarizo.com\/","title":{"rendered":""},"content":{"rendered":"<p><meta name=\"google-site-verification\" content=\"FlFfS4ZlKaB0ecuwdekYEbZGpk-5pixvKbSFgtbw_3g\" \/><\/p>\n\n\n<p><\/p>\n\n\n\n<figure class=\"wp-block-pullquote\"><blockquote><p>Seja Bem Vindo(a)!<br>Aqui voc\u00ea poder\u00e1 conhcer mais sobre mim e sobre meu trabalho.<br>Tudo de Bom! \ud83c\udf3b<\/p><\/blockquote><\/figure>\n\n\n\n<h2 class=\"wp-block-heading has-large-font-size\"><a href=\"https:\/\/lucianarizo.com\/index.php\/estimulacao-cognitiva\/\" data-type=\"page\" data-id=\"335\">Estimula\u00e7\u00e3o Cognitiva<\/a><\/h2>\n\n\n\n<figure class=\"wp-block-image size-large\"><a href=\"https:\/\/lucianarizo.com\/index.php\/estimulacao-cognitiva\/\" target=\"_blank\" rel=\"noreferrer noopener\"><img loading=\"lazy\" decoding=\"async\" width=\"1024\" height=\"391\" src=\"https:\/\/lucianarizo.com\/wp-content\/uploads\/2024\/09\/SiteLR-slide-3-1024x391.jpg\" alt=\"\" class=\"wp-image-329\" srcset=\"https:\/\/lucianarizo.com\/wp-content\/uploads\/2024\/09\/SiteLR-slide-3-1024x391.jpg 1024w, https:\/\/lucianarizo.com\/wp-content\/uploads\/2024\/09\/SiteLR-slide-3-300x115.jpg 300w, https:\/\/lucianarizo.com\/wp-content\/uploads\/2024\/09\/SiteLR-slide-3-768x293.jpg 768w, https:\/\/lucianarizo.com\/wp-content\/uploads\/2024\/09\/SiteLR-slide-3.jpg 1280w\" sizes=\"auto, (max-width: 1024px) 100vw, 1024px\" \/><\/a><\/figure>\n\n\n\n<p><\/p>\n\n\n\n<h2 class=\"wp-block-heading has-large-font-size\"><a href=\"https:\/\/lucianarizo.com\/index.php\/avaliacao-neuropsicologica\/\">Neuropsicologia<\/a><\/h2>\n\n\n\n<figure class=\"wp-block-image size-large\"><a href=\"https:\/\/lucianarizo.com\/index.php\/avaliacao-neuropsicologica\/\"><img loading=\"lazy\" decoding=\"async\" width=\"1024\" height=\"389\" src=\"https:\/\/lucianarizo.com\/wp-content\/uploads\/2024\/09\/SiteLR-slide-4-1024x389.jpg\" alt=\"\" class=\"wp-image-326\" srcset=\"https:\/\/lucianarizo.com\/wp-content\/uploads\/2024\/09\/SiteLR-slide-4-1024x389.jpg 1024w, https:\/\/lucianarizo.com\/wp-content\/uploads\/2024\/09\/SiteLR-slide-4-300x114.jpg 300w, https:\/\/lucianarizo.com\/wp-content\/uploads\/2024\/09\/SiteLR-slide-4-768x292.jpg 768w, https:\/\/lucianarizo.com\/wp-content\/uploads\/2024\/09\/SiteLR-slide-4.jpg 1280w\" sizes=\"auto, (max-width: 1024px) 100vw, 1024px\" \/><\/a><\/figure>\n\n\n\n<p><\/p>\n\n\n\n<h2 class=\"wp-block-heading has-large-font-size\"><a href=\"https:\/\/lucianarizo.com\/index.php\/terapia-cognitivo-comportamental\/\" data-type=\"page\" data-id=\"399\">Psicoterapia<\/a><\/h2>\n\n\n\n<figure class=\"wp-block-image size-full\"><img loading=\"lazy\" decoding=\"async\" width=\"960\" height=\"366\" src=\"https:\/\/lucianarizo.com\/wp-content\/uploads\/2024\/09\/SiteLR-slide-1-2.jpg\" alt=\"\" class=\"wp-image-407\" srcset=\"https:\/\/lucianarizo.com\/wp-content\/uploads\/2024\/09\/SiteLR-slide-1-2.jpg 960w, https:\/\/lucianarizo.com\/wp-content\/uploads\/2024\/09\/SiteLR-slide-1-2-300x114.jpg 300w, https:\/\/lucianarizo.com\/wp-content\/uploads\/2024\/09\/SiteLR-slide-1-2-768x293.jpg 768w\" sizes=\"auto, (max-width: 960px) 100vw, 960px\" \/><\/figure>\n\n\n\n<p><\/p>\n\n\n\n<h2 class=\"wp-block-heading has-large-font-size\"><a href=\"https:\/\/lucianarizo.com\/index.php\/cursos\/\" data-type=\"page\" data-id=\"18\">Cursos<\/a><\/h2>\n\n\n\n<figure class=\"wp-block-image size-large\"><a href=\"https:\/\/lucianarizo.com\/index.php\/cursos\/\" target=\"_blank\" rel=\"noreferrer noopener\"><img loading=\"lazy\" decoding=\"async\" width=\"1024\" height=\"390\" src=\"https:\/\/lucianarizo.com\/wp-content\/uploads\/2024\/09\/SiteLR-slide-4-1-1024x390.jpg\" alt=\"\" class=\"wp-image-333\" srcset=\"https:\/\/lucianarizo.com\/wp-content\/uploads\/2024\/09\/SiteLR-slide-4-1-1024x390.jpg 1024w, https:\/\/lucianarizo.com\/wp-content\/uploads\/2024\/09\/SiteLR-slide-4-1-300x114.jpg 300w, https:\/\/lucianarizo.com\/wp-content\/uploads\/2024\/09\/SiteLR-slide-4-1-768x293.jpg 768w, https:\/\/lucianarizo.com\/wp-content\/uploads\/2024\/09\/SiteLR-slide-4-1.jpg 1280w\" sizes=\"auto, (max-width: 1024px) 100vw, 1024px\" \/><\/a><\/figure>\n\n\n\n<p><\/p>\n\n\n\n<h2 class=\"wp-block-heading has-large-font-size\"><a href=\"https:\/\/lucianarizo.com\/index.php\/supervisao-de-casos-clinicos-e-aperfeicoamento-da-pratica-clinica\/\" data-type=\"page\" data-id=\"350\">Supervis\u00e3o<\/a><\/h2>\n\n\n\n<figure class=\"wp-block-image size-large\"><a href=\"https:\/\/lucianarizo.com\/index.php\/supervisao-de-casos-clinicos-e-aperfeicoamento-da-pratica-clinica\/\"><img loading=\"lazy\" decoding=\"async\" width=\"1024\" height=\"391\" src=\"https:\/\/lucianarizo.com\/wp-content\/uploads\/2024\/09\/SiteLR-slide-2-1024x391.jpg\" alt=\"\" class=\"wp-image-331\" srcset=\"https:\/\/lucianarizo.com\/wp-content\/uploads\/2024\/09\/SiteLR-slide-2-1024x391.jpg 1024w, https:\/\/lucianarizo.com\/wp-content\/uploads\/2024\/09\/SiteLR-slide-2-300x114.jpg 300w, https:\/\/lucianarizo.com\/wp-content\/uploads\/2024\/09\/SiteLR-slide-2-768x293.jpg 768w, https:\/\/lucianarizo.com\/wp-content\/uploads\/2024\/09\/SiteLR-slide-2-1536x586.jpg 1536w, https:\/\/lucianarizo.com\/wp-content\/uploads\/2024\/09\/SiteLR-slide-2.jpg 2000w\" sizes=\"auto, (max-width: 1024px) 100vw, 1024px\" \/><\/a><\/figure>\n\n\n\n<h2 class=\"wp-block-heading has-large-font-size\"><\/h2>\n\n\n\n<div class=\"wp-block-columns is-layout-flex wp-container-core-columns-is-layout-9d6595d7 wp-block-columns-is-layout-flex\">\n<div class=\"wp-block-column is-layout-flow wp-block-column-is-layout-flow\"><div class=\"wp-block-image\">\n<figure class=\"alignleft size-thumbnail\"><a href=\"https:\/\/lucianarizo.com\/index.php\/curriculo-luciana-rizo\/\"><img loading=\"lazy\" decoding=\"async\" width=\"150\" height=\"150\" src=\"https:\/\/lucianarizo.com\/wp-content\/uploads\/2024\/09\/Professora-Luciana-Rizo-2021.png-150x150.jpg\" alt=\"\" class=\"wp-image-347\" srcset=\"https:\/\/lucianarizo.com\/wp-content\/uploads\/2024\/09\/Professora-Luciana-Rizo-2021.png-150x150.jpg 150w, https:\/\/lucianarizo.com\/wp-content\/uploads\/2024\/09\/Professora-Luciana-Rizo-2021.png-230x230.jpg 230w, https:\/\/lucianarizo.com\/wp-content\/uploads\/2024\/09\/Professora-Luciana-Rizo-2021.png-365x365.jpg 365w\" sizes=\"auto, (max-width: 150px) 100vw, 150px\" \/><\/a><\/figure>\n<\/div>\n\n\n<h2 class=\"wp-block-heading\"><a href=\"https:\/\/lucianarizo.com\/index.php\/curriculo-luciana-rizo\/\" data-type=\"page\" data-id=\"448\">Curr\u00edculo<\/a><\/h2>\n<\/div>\n\n\n\n<div class=\"wp-block-column is-layout-flow wp-block-column-is-layout-flow\"><div class=\"wp-block-image is-style-rounded\">\n<figure class=\"alignright size-thumbnail\"><a href=\"https:\/\/lucianarizo.com\/index.php\/videos\/\" target=\"_blank\" rel=\" noreferrer noopener\"><img loading=\"lazy\" decoding=\"async\" width=\"150\" height=\"150\" src=\"https:\/\/lucianarizo.com\/wp-content\/uploads\/2025\/02\/Screenshot-2025-02-04-173101-150x150.png\" alt=\"\" class=\"wp-image-514\" srcset=\"https:\/\/lucianarizo.com\/wp-content\/uploads\/2025\/02\/Screenshot-2025-02-04-173101-150x150.png 150w, https:\/\/lucianarizo.com\/wp-content\/uploads\/2025\/02\/Screenshot-2025-02-04-173101-230x230.png 230w\" sizes=\"auto, (max-width: 150px) 100vw, 150px\" \/><\/a><\/figure>\n<\/div>\n\n\n<h2 class=\"wp-block-heading has-text-align-right\"><a href=\"https:\/\/lucianarizo.com\/index.php\/videos\/\" data-type=\"page\" data-id=\"508\">V\u00eddeos<\/a><\/h2>\n<\/div>\n<\/div>\n\n\n\n<div class=\"wp-block-columns is-layout-flex wp-container-core-columns-is-layout-9d6595d7 wp-block-columns-is-layout-flex\"><\/div>\n\n\n\n<div class=\"wp-block-columns is-layout-flex wp-container-core-columns-is-layout-9d6595d7 wp-block-columns-is-layout-flex\">\n<div class=\"wp-block-column is-layout-flow wp-block-column-is-layout-flow\">\n<h2 class=\"wp-block-heading has-text-align-center\"><a href=\"https:\/\/lucianarizo.com\/index.php\/publicacoes\/\" data-type=\"page\" data-id=\"459\">Livros<\/a><\/h2>\n<\/div>\n<\/div>\n\n\n<div class=\"wp-block-image\">\n<figure class=\"aligncenter size-full\"><img loading=\"lazy\" decoding=\"async\" width=\"930\" height=\"1024\" src=\"https:\/\/lucianarizo.com\/wp-content\/uploads\/2025\/03\/AMQASC-Luciana-Rizo-930x1024-1.png\" alt=\"\" class=\"wp-image-623\" srcset=\"https:\/\/lucianarizo.com\/wp-content\/uploads\/2025\/03\/AMQASC-Luciana-Rizo-930x1024-1.png 930w, https:\/\/lucianarizo.com\/wp-content\/uploads\/2025\/03\/AMQASC-Luciana-Rizo-930x1024-1-272x300.png 272w, https:\/\/lucianarizo.com\/wp-content\/uploads\/2025\/03\/AMQASC-Luciana-Rizo-930x1024-1-768x846.png 768w\" sizes=\"auto, (max-width: 930px) 100vw, 930px\" \/><\/figure>\n<\/div>\n\n<div class=\"wp-block-image\">\n<figure class=\"aligncenter size-large\"><img loading=\"lazy\" decoding=\"async\" width=\"1024\" height=\"576\" src=\"https:\/\/lucianarizo.com\/wp-content\/uploads\/2024\/10\/image-1024x576.png\" alt=\"\" class=\"wp-image-460\" srcset=\"https:\/\/lucianarizo.com\/wp-content\/uploads\/2024\/10\/image-1024x576.png 1024w, https:\/\/lucianarizo.com\/wp-content\/uploads\/2024\/10\/image-300x169.png 300w, https:\/\/lucianarizo.com\/wp-content\/uploads\/2024\/10\/image-768x432.png 768w, https:\/\/lucianarizo.com\/wp-content\/uploads\/2024\/10\/image.png 1280w\" sizes=\"auto, (max-width: 1024px) 100vw, 1024px\" \/><\/figure>\n<\/div>","protected":false},"excerpt":{"rendered":"<p>Seja Bem Vindo(a)!Aqui voc\u00ea poder\u00e1 conhcer mais sobre mim e sobre meu trabalho.Tudo de Bom! \ud83c\udf3b Estimula\u00e7\u00e3o Cognitiva Neuropsicologia Psicoterapia Cursos Supervis\u00e3o Curr\u00edculo V\u00eddeos Livros<\/p>\n","protected":false},"author":1,"featured_media":0,"parent":0,"menu_order":0,"comment_status":"closed","ping_status":"closed","template":"","meta":{"footnotes":""},"class_list":["post-361","page","type-page","status-publish","hentry"],"_links":{"self":[{"href":"https:\/\/lucianarizo.com\/index.php\/wp-json\/wp\/v2\/pages\/361","targetHints":{"allow":["GET"]}}],"collection":[{"href":"https:\/\/lucianarizo.com\/index.php\/wp-json\/wp\/v2\/pages"}],"about":[{"href":"https:\/\/lucianarizo.com\/index.php\/wp-json\/wp\/v2\/types\/page"}],"author":[{"embeddable":true,"href":"https:\/\/lucianarizo.com\/index.php\/wp-json\/wp\/v2\/users\/1"}],"replies":[{"embeddable":true,"href":"https:\/\/lucianarizo.com\/index.php\/wp-json\/wp\/v2\/comments?post=361"}],"version-history":[{"count":57,"href":"https:\/\/lucianarizo.com\/index.php\/wp-json\/wp\/v2\/pages\/361\/revisions"}],"predecessor-version":[{"id":689,"href":"https:\/\/lucianarizo.com\/index.php\/wp-json\/wp\/v2\/pages\/361\/revisions\/689"}],"wp:attachment":[{"href":"https:\/\/lucianarizo.com\/index.php\/wp-json\/wp\/v2\/media?parent=361"}],"curies":[{"name":"wp","href":"https:\/\/api.w.org\/{rel}","templated":true}]}}