{"id":350,"date":"2024-09-21T15:57:18","date_gmt":"2024-09-21T15:57:18","guid":{"rendered":"https:\/\/lucianarizo.com\/wordpress_O\/?page_id=350"},"modified":"2024-10-15T17:03:10","modified_gmt":"2024-10-15T17:03:10","slug":"supervisao-de-casos-clinicos-e-aperfeicoamento-da-pratica-clinica","status":"publish","type":"page","link":"https:\/\/lucianarizo.com\/index.php\/supervisao-de-casos-clinicos-e-aperfeicoamento-da-pratica-clinica\/","title":{"rendered":"Supervis\u00e3o de Casos Cl\u00ednicos e Aperfei\u00e7oamento da Pr\u00e1tica Cl\u00ednica"},"content":{"rendered":"\n<p><strong>O suporte ao processo de supervis\u00e3o conta com os mais de 20 anos de experi\u00eancia da psic\u00f3loga, supervisora e docente Luciana Rizo. Para al\u00e9m da troca de experi\u00eancia t\u00e9cnica e humana, contamos com o apoio de livros, v\u00eddeos e aplicativos indicados de forma personalizada para cada necessidade da supervisionanda(o).<\/strong><\/p>\n\n\n\n<div class=\"wp-block-buttons is-content-justification-center is-layout-flex wp-container-core-buttons-is-layout-16018d1d wp-block-buttons-is-layout-flex\">\n<div class=\"wp-block-button\"><a class=\"wp-block-button__link wp-element-button\" href=\"https:\/\/lucianarizo.orbitpages.online\/supervisao-cta\">Saiba Mais<\/a><\/div>\n<\/div>\n","protected":false},"excerpt":{"rendered":"<p>O suporte ao processo de supervis\u00e3o conta com os mais de 20 anos de experi\u00eancia da psic\u00f3loga, supervisora e docente Luciana Rizo. Para al\u00e9m da troca de experi\u00eancia t\u00e9cnica e humana, contamos com o apoio de livros, v\u00eddeos e aplicativos<\/p>\n","protected":false},"author":1,"featured_media":0,"parent":0,"menu_order":0,"comment_status":"closed","ping_status":"closed","template":"","meta":{"footnotes":""},"class_list":["post-350","page","type-page","status-publish","hentry"],"_links":{"self":[{"href":"https:\/\/lucianarizo.com\/index.php\/wp-json\/wp\/v2\/pages\/350","targetHints":{"allow":["GET"]}}],"collection":[{"href":"https:\/\/lucianarizo.com\/index.php\/wp-json\/wp\/v2\/pages"}],"about":[{"href":"https:\/\/lucianarizo.com\/index.php\/wp-json\/wp\/v2\/types\/page"}],"author":[{"embeddable":true,"href":"https:\/\/lucianarizo.com\/index.php\/wp-json\/wp\/v2\/users\/1"}],"replies":[{"embeddable":true,"href":"https:\/\/lucianarizo.com\/index.php\/wp-json\/wp\/v2\/comments?post=350"}],"version-history":[{"count":2,"href":"https:\/\/lucianarizo.com\/index.php\/wp-json\/wp\/v2\/pages\/350\/revisions"}],"predecessor-version":[{"id":467,"href":"https:\/\/lucianarizo.com\/index.php\/wp-json\/wp\/v2\/pages\/350\/revisions\/467"}],"wp:attachment":[{"href":"https:\/\/lucianarizo.com\/index.php\/wp-json\/wp\/v2\/media?parent=350"}],"curies":[{"name":"wp","href":"https:\/\/api.w.org\/{rel}","templated":true}]}}