{"id":18,"date":"2014-04-26T17:07:49","date_gmt":"2014-04-26T17:07:49","guid":{"rendered":"http:\/\/demo.themegrill.com\/accelerate\/?page_id=18"},"modified":"2024-10-15T18:23:42","modified_gmt":"2024-10-15T18:23:42","slug":"cursos","status":"publish","type":"page","link":"https:\/\/lucianarizo.com\/index.php\/cursos\/","title":{"rendered":"Cursos"},"content":{"rendered":"\n<figure class=\"wp-block-image size-large\"><a href=\"https:\/\/forms.gle\/tjKJWwVTmaUo63Yq5\"><img loading=\"lazy\" decoding=\"async\" width=\"1024\" height=\"576\" src=\"https:\/\/lucianarizo.com\/wp-content\/uploads\/2024\/09\/Screenshot-2024-09-21-151552-1024x576.png\" alt=\"\" class=\"wp-image-382\" srcset=\"https:\/\/lucianarizo.com\/wp-content\/uploads\/2024\/09\/Screenshot-2024-09-21-151552-1024x576.png 1024w, https:\/\/lucianarizo.com\/wp-content\/uploads\/2024\/09\/Screenshot-2024-09-21-151552-300x169.png 300w, https:\/\/lucianarizo.com\/wp-content\/uploads\/2024\/09\/Screenshot-2024-09-21-151552-768x432.png 768w, https:\/\/lucianarizo.com\/wp-content\/uploads\/2024\/09\/Screenshot-2024-09-21-151552-1536x864.png 1536w, https:\/\/lucianarizo.com\/wp-content\/uploads\/2024\/09\/Screenshot-2024-09-21-151552.png 1920w\" sizes=\"auto, (max-width: 1024px) 100vw, 1024px\" \/><\/a><\/figure>\n\n\n<h1><a href=\"https:\/\/forms.gle\/tjKJWwVTmaUo63Yq5\" target=\"_blank\" rel=\"noopener\"><strong>Terapia Focada na Compaix\u00e3o<\/strong><\/a><\/h1>\n\n\n<div class=\"wp-block-buttons is-layout-flex wp-block-buttons-is-layout-flex\">\n<div class=\"wp-block-button\"><a class=\"wp-block-button__link wp-element-button\" href=\"https:\/\/forms.gle\/tjKJWwVTmaUo63Yq5\" target=\"_blank\" rel=\"noreferrer noopener\">Tenho interesse<\/a><\/div>\n<\/div>\n\n\n\n<p><\/p>\n\n\n\n<figure class=\"wp-block-image size-large\"><a href=\"https:\/\/lucianarizo.orbitpages.online\/curso-formacao-resistencia-adolescente\" target=\"_blank\" rel=\"noreferrer noopener\"><img loading=\"lazy\" decoding=\"async\" width=\"1024\" height=\"576\" src=\"https:\/\/lucianarizo.com\/wp-content\/uploads\/2024\/09\/Screenshot-2024-09-21-151520-1024x576.png\" alt=\"\" class=\"wp-image-380\" srcset=\"https:\/\/lucianarizo.com\/wp-content\/uploads\/2024\/09\/Screenshot-2024-09-21-151520-1024x576.png 1024w, https:\/\/lucianarizo.com\/wp-content\/uploads\/2024\/09\/Screenshot-2024-09-21-151520-300x169.png 300w, https:\/\/lucianarizo.com\/wp-content\/uploads\/2024\/09\/Screenshot-2024-09-21-151520-768x432.png 768w, https:\/\/lucianarizo.com\/wp-content\/uploads\/2024\/09\/Screenshot-2024-09-21-151520-1536x864.png 1536w, https:\/\/lucianarizo.com\/wp-content\/uploads\/2024\/09\/Screenshot-2024-09-21-151520.png 1920w\" sizes=\"auto, (max-width: 1024px) 100vw, 1024px\" \/><\/a><\/figure>\n\n\n\n<h1 class=\"wp-block-heading\"><a href=\"https:\/\/lucianarizo.orbitpages.online\/curso-formacao-resistencia-adolescente\" target=\"_blank\" rel=\"noreferrer noopener\">Como Lidar com os Desafios na Psicoterapia com Adolescentes<\/a><\/h1>\n\n\n\n<div class=\"wp-block-buttons is-layout-flex wp-block-buttons-is-layout-flex\">\n<div class=\"wp-block-button\"><a class=\"wp-block-button__link wp-element-button\" href=\"https:\/\/lucianarizo.orbitpages.online\/curso-formacao-resistencia-adolescente\" target=\"_blank\" rel=\"noreferrer noopener\">Tenho Intresse<\/a><\/div>\n<\/div>\n\n\n\n<p><\/p>\n\n\n\n<figure class=\"wp-block-image size-large\"><a href=\"https:\/\/forms.gle\/We1jwTma7yF6yuGL9\" target=\"_blank\" rel=\"noreferrer noopener\"><img loading=\"lazy\" decoding=\"async\" width=\"1024\" height=\"576\" src=\"https:\/\/lucianarizo.com\/wp-content\/uploads\/2024\/09\/Screenshot-2024-09-21-151533-1024x576.png\" alt=\"\" class=\"wp-image-381\" srcset=\"https:\/\/lucianarizo.com\/wp-content\/uploads\/2024\/09\/Screenshot-2024-09-21-151533-1024x576.png 1024w, https:\/\/lucianarizo.com\/wp-content\/uploads\/2024\/09\/Screenshot-2024-09-21-151533-300x169.png 300w, https:\/\/lucianarizo.com\/wp-content\/uploads\/2024\/09\/Screenshot-2024-09-21-151533-768x432.png 768w, https:\/\/lucianarizo.com\/wp-content\/uploads\/2024\/09\/Screenshot-2024-09-21-151533-1536x864.png 1536w, https:\/\/lucianarizo.com\/wp-content\/uploads\/2024\/09\/Screenshot-2024-09-21-151533.png 1920w\" sizes=\"auto, (max-width: 1024px) 100vw, 1024px\" \/><\/a><\/figure>\n\n\n\n<h1 class=\"wp-block-heading\"><a href=\"https:\/\/forms.gle\/We1jwTma7yF6yuGL9\" target=\"_blank\" rel=\"noreferrer noopener\">Terapia Cognitivo Comportamental com Crian\u00e7as e Adolescentes<\/a><\/h1>\n\n\n\n<div class=\"wp-block-buttons is-layout-flex wp-block-buttons-is-layout-flex\">\n<div class=\"wp-block-button\"><a class=\"wp-block-button__link wp-element-button\" href=\"https:\/\/forms.gle\/We1jwTma7yF6yuGL9\">Tenho Interesse<\/a><\/div>\n<\/div>\n\n\n\n<figure class=\"wp-block-image size-large\"><a href=\"https:\/\/forms.gle\/2PNBYbQ7WWPKPXT18\" target=\"_blank\" rel=\"noreferrer noopener\"><img loading=\"lazy\" decoding=\"async\" width=\"1024\" height=\"551\" src=\"https:\/\/lucianarizo.com\/wp-content\/uploads\/2024\/09\/Screenshot-2024-09-21-151608-e1729016520259-1024x551.png\" alt=\"\" class=\"wp-image-383\" srcset=\"https:\/\/lucianarizo.com\/wp-content\/uploads\/2024\/09\/Screenshot-2024-09-21-151608-e1729016520259-1024x551.png 1024w, https:\/\/lucianarizo.com\/wp-content\/uploads\/2024\/09\/Screenshot-2024-09-21-151608-e1729016520259-300x161.png 300w, https:\/\/lucianarizo.com\/wp-content\/uploads\/2024\/09\/Screenshot-2024-09-21-151608-e1729016520259-768x413.png 768w, https:\/\/lucianarizo.com\/wp-content\/uploads\/2024\/09\/Screenshot-2024-09-21-151608-e1729016520259-1536x826.png 1536w, https:\/\/lucianarizo.com\/wp-content\/uploads\/2024\/09\/Screenshot-2024-09-21-151608-e1729016520259.png 1920w\" sizes=\"auto, (max-width: 1024px) 100vw, 1024px\" \/><\/a><\/figure>\n\n\n\n<h1 class=\"wp-block-heading\"><a href=\"https:\/\/forms.gle\/2PNBYbQ7WWPKPXT18\">Aperferi\u00e7oamento da Pr\u00e1tica C\u00ednica em Terapias Cognitivas<\/a><\/h1>\n\n\n\n<div class=\"wp-block-buttons is-layout-flex wp-block-buttons-is-layout-flex\">\n<div class=\"wp-block-button\"><a class=\"wp-block-button__link wp-element-button\" href=\"https:\/\/forms.gle\/2PNBYbQ7WWPKPXT18\" target=\"_blank\" rel=\"noreferrer noopener\">Tenho Interesse<\/a><\/div>\n<\/div>\n\n\n\n<p><\/p>\n","protected":false},"excerpt":{"rendered":"<p>Dessert jelly cake low lemon drops jelly beans chocolate bar marshmallow lemon drops jelly beans sesame snaps. Jujubes pastry drag\u00e9e. Chocolate bar marshmallow lemon.<\/p>\n","protected":false},"author":1,"featured_media":373,"parent":0,"menu_order":0,"comment_status":"closed","ping_status":"closed","template":"","meta":{"footnotes":""},"class_list":["post-18","page","type-page","status-publish","has-post-thumbnail","hentry"],"_links":{"self":[{"href":"https:\/\/lucianarizo.com\/index.php\/wp-json\/wp\/v2\/pages\/18","targetHints":{"allow":["GET"]}}],"collection":[{"href":"https:\/\/lucianarizo.com\/index.php\/wp-json\/wp\/v2\/pages"}],"about":[{"href":"https:\/\/lucianarizo.com\/index.php\/wp-json\/wp\/v2\/types\/page"}],"author":[{"embeddable":true,"href":"https:\/\/lucianarizo.com\/index.php\/wp-json\/wp\/v2\/users\/1"}],"replies":[{"embeddable":true,"href":"https:\/\/lucianarizo.com\/index.php\/wp-json\/wp\/v2\/comments?post=18"}],"version-history":[{"count":10,"href":"https:\/\/lucianarizo.com\/index.php\/wp-json\/wp\/v2\/pages\/18\/revisions"}],"predecessor-version":[{"id":486,"href":"https:\/\/lucianarizo.com\/index.php\/wp-json\/wp\/v2\/pages\/18\/revisions\/486"}],"wp:featuredmedia":[{"embeddable":true,"href":"https:\/\/lucianarizo.com\/index.php\/wp-json\/wp\/v2\/media\/373"}],"wp:attachment":[{"href":"https:\/\/lucianarizo.com\/index.php\/wp-json\/wp\/v2\/media?parent=18"}],"curies":[{"name":"wp","href":"https:\/\/api.w.org\/{rel}","templated":true}]}}